{"id":7274,"date":"2022-05-30T15:26:40","date_gmt":"2022-05-30T18:26:40","guid":{"rendered":"https:\/\/sfdistintivos.com.br\/sf02\/?post_type=product&#038;p=7274"},"modified":"2026-01-30T21:42:19","modified_gmt":"2026-01-31T00:42:19","slug":"bandeirola-de-eficiencia-dupla-face-200x120-mm","status":"publish","type":"product","link":"https:\/\/sfdistintivos.com.br\/sf02\/produto\/bandeirola-de-eficiencia-dupla-face-200x120-mm\/","title":{"rendered":"Bandeirola de Atividade\/Efici\u00eancia Dupla Face 200&#215;120 mm &#8211; Alta Resolu\u00e7\u00e3o"},"content":{"rendered":"","protected":false},"excerpt":{"rendered":"<h4>[bpstarratings]<strong><span style=\"color: #78a22e;\">Caracter\u00edsticas do produto:<\/span><\/strong><\/h4>\n<p><span style=\"font-weight: 400;\"><strong><span style=\"color: #78a22e;\">1 \u2013<\/span><\/strong> Formato: fl\u00e2mula triangular;<br \/>\n<\/span><strong><span style=\"color: #78a22e;\">2 \u2013<\/span><\/strong> Tamanho: 200&#215;120 mm;<br \/>\n<span style=\"font-weight: 400;\"><span style=\"color: #78a22e;\"><strong>3 \u2013<\/strong><\/span> Faces: dupla face;<br \/>\n<span style=\"color: #78a22e;\"><strong>4 \u2013<\/strong><\/span> T\u00e9cnica de decora\u00e7\u00e3o t\u00eaxtil: HD print;<br \/>\n<strong><span style=\"color: #78a22e;\">5 \u2013<\/span><\/strong>T\u00e9cnica de corte: digital cut;<br \/>\n<strong><span style=\"color: #78a22e;\">6 \u2013<\/span><\/strong> Substrato: Tecido PET multicamada;<br \/>\n<strong><span style=\"color: #78a22e;\">7 \u2013<\/span><\/strong> Espessura do substrato: em m\u00e9dia 0,6 mm;<br \/>\n<span style=\"color: #78a22e;\"><strong>8 \u2013<\/strong><\/span> Brilho: natural;<br \/>\n<span style=\"color: #78a22e;\"><strong>9 \u2013 <\/strong><\/span>Fixa\u00e7\u00e3o ao bast\u00e3o: por cordelete (n\u00e3o acompanha);<br \/>\n<\/span><span style=\"font-weight: 400;\"><span style=\"color: #78a22e;\"><strong>10 \u2013<\/strong><\/span> Estampa: vetorizada fornecida pelo cliente;<br \/>\n<span style=\"color: #78a22e;\"><strong>11 \u2013<\/strong><\/span> Quantidade m\u00ednima por estampa: 1 pe\u00e7as;<br \/>\n<span style=\"color: #78a22e;\"><strong>12 \u2013<\/strong><\/span> Prazo m\u00e9dio de produ\u00e7\u00e3o at\u00e9 12 pe\u00e7as 4 dias \u00fateis.<br \/>\n<\/span><span style=\"font-weight: 400;\"><span style=\"color: #78a22e;\"><strong>13 \u2013<\/strong><\/span> Baixe o vetor de refer\u00eancia: <span style=\"color: #78a22e;\"><a style=\"color: #78a22e;\" href=\"https:\/\/drive.google.com\/file\/d\/1OeDgdfsmRj85l6b1hrE0fM6VbzvrYQvN\/view?usp=sharing\">clicando aqui<\/a><\/span><\/span><\/p>\n","protected":false},"featured_media":7285,"template":"","meta":[],"etheme_brands":[],"product_cat":[96],"product_tag":[],"_links":{"self":[{"href":"https:\/\/sfdistintivos.com.br\/sf02\/wp-json\/wp\/v2\/product\/7274"}],"collection":[{"href":"https:\/\/sfdistintivos.com.br\/sf02\/wp-json\/wp\/v2\/product"}],"about":[{"href":"https:\/\/sfdistintivos.com.br\/sf02\/wp-json\/wp\/v2\/types\/product"}],"version-history":[{"count":0,"href":"https:\/\/sfdistintivos.com.br\/sf02\/wp-json\/wp\/v2\/product\/7274\/revisions"}],"wp:featuredmedia":[{"embeddable":true,"href":"https:\/\/sfdistintivos.com.br\/sf02\/wp-json\/wp\/v2\/media\/7285"}],"wp:attachment":[{"href":"https:\/\/sfdistintivos.com.br\/sf02\/wp-json\/wp\/v2\/media?parent=7274"}],"wp:term":[{"taxonomy":"brand","embeddable":true,"href":"https:\/\/sfdistintivos.com.br\/sf02\/wp-json\/wp\/v2\/etheme_brands?post=7274"},{"taxonomy":"product_cat","embeddable":true,"href":"https:\/\/sfdistintivos.com.br\/sf02\/wp-json\/wp\/v2\/product_cat?post=7274"},{"taxonomy":"product_tag","embeddable":true,"href":"https:\/\/sfdistintivos.com.br\/sf02\/wp-json\/wp\/v2\/product_tag?post=7274"}],"curies":[{"name":"wp","href":"https:\/\/api.w.org\/{rel}","templated":true}]}}