{"id":6747,"date":"2022-04-10T00:06:17","date_gmt":"2022-04-10T03:06:17","guid":{"rendered":"https:\/\/sfdistintivos.com.br\/sf02\/?post_type=product&#038;p=6747"},"modified":"2026-01-30T20:53:31","modified_gmt":"2026-01-30T23:53:31","slug":"distintivo-circular-70-mm-costuravel","status":"publish","type":"product","link":"https:\/\/sfdistintivos.com.br\/sf02\/produto\/distintivo-circular-70-mm-costuravel\/","title":{"rendered":"Distintivo Circular 70 mm &#8211; Alta Resolu\u00e7\u00e3o (costur\u00e1vel)"},"content":{"rendered":"","protected":false},"excerpt":{"rendered":"<h4>[bpstarratings]<strong><span style=\"color: #78a22e;\">Caracter\u00edsticas do produto:<\/span><\/strong><\/h4>\n<p><span style=\"font-weight: 400;\"><strong><span style=\"color: #78a22e;\">1 \u2013<\/span><\/strong> Formato: circular;<br \/>\n<\/span><strong><span style=\"color: #78a22e;\">2 \u2013<\/span><\/strong> Tamanho: 70 mm;<br \/>\n<span style=\"font-weight: 400;\"><span style=\"color: #78a22e;\"><strong>3 \u2013<\/strong><\/span> T\u00e9cnica de decora\u00e7\u00e3o t\u00eaxtil: HD print;<br \/>\n<strong><span style=\"color: #78a22e;\">4 \u2013<\/span><\/strong>T\u00e9cnica de corte: digital cut;<br \/>\n<strong><span style=\"color: #78a22e;\">5 \u2013<\/span><\/strong> Substrato: Tecido PET multicamada;<br \/>\n<strong><span style=\"color: #78a22e;\">6 \u2013<\/span><\/strong> Espessura do substrato: em m\u00e9dia 0,5 mm;<br \/>\n<span style=\"color: #78a22e;\"><strong>7 \u2013<\/strong><\/span> Brilho: natural;<br \/>\n<span style=\"color: #78a22e;\"><strong>8 \u2013 <\/strong><\/span>Fixa\u00e7\u00e3o: costura \u00e0 m\u00e1quina ou manual;<br \/>\n<span style=\"color: #78a22e;\"><strong>9 \u2013<\/strong><\/span> Estampa: vetorizada fornecida pelo cliente;<br \/>\n<span style=\"color: #78a22e;\"><strong>10 \u2013<\/strong><\/span> Quantidade m\u00ednima por estampa: 15 pe\u00e7as;<br \/>\n<span style=\"color: #78a22e;\"><strong>11 \u2013<\/strong><\/span> Prazo m\u00e9dio de produ\u00e7\u00e3o at\u00e9 300 pe\u00e7as 4 dias \u00fateis.<br \/>\n<\/span><\/p>\n","protected":false},"featured_media":7107,"template":"","meta":[],"etheme_brands":[],"product_cat":[15],"product_tag":[],"_links":{"self":[{"href":"https:\/\/sfdistintivos.com.br\/sf02\/wp-json\/wp\/v2\/product\/6747"}],"collection":[{"href":"https:\/\/sfdistintivos.com.br\/sf02\/wp-json\/wp\/v2\/product"}],"about":[{"href":"https:\/\/sfdistintivos.com.br\/sf02\/wp-json\/wp\/v2\/types\/product"}],"version-history":[{"count":0,"href":"https:\/\/sfdistintivos.com.br\/sf02\/wp-json\/wp\/v2\/product\/6747\/revisions"}],"wp:featuredmedia":[{"embeddable":true,"href":"https:\/\/sfdistintivos.com.br\/sf02\/wp-json\/wp\/v2\/media\/7107"}],"wp:attachment":[{"href":"https:\/\/sfdistintivos.com.br\/sf02\/wp-json\/wp\/v2\/media?parent=6747"}],"wp:term":[{"taxonomy":"brand","embeddable":true,"href":"https:\/\/sfdistintivos.com.br\/sf02\/wp-json\/wp\/v2\/etheme_brands?post=6747"},{"taxonomy":"product_cat","embeddable":true,"href":"https:\/\/sfdistintivos.com.br\/sf02\/wp-json\/wp\/v2\/product_cat?post=6747"},{"taxonomy":"product_tag","embeddable":true,"href":"https:\/\/sfdistintivos.com.br\/sf02\/wp-json\/wp\/v2\/product_tag?post=6747"}],"curies":[{"name":"wp","href":"https:\/\/api.w.org\/{rel}","templated":true}]}}