{"id":10654,"date":"2026-01-30T20:38:57","date_gmt":"2026-01-30T23:38:57","guid":{"rendered":"https:\/\/sfdistintivos.com.br\/sf02\/?post_type=product&#038;p=10654"},"modified":"2026-04-27T16:35:07","modified_gmt":"2026-04-27T19:35:07","slug":"distintivo-personalizado-85-mm-costuravel","status":"publish","type":"product","link":"https:\/\/sfdistintivos.com.br\/sf02\/produto\/distintivo-personalizado-85-mm-costuravel\/","title":{"rendered":"Distintivo Personalizado 85 mm Costur\u00e1vel"},"content":{"rendered":"","protected":false},"excerpt":{"rendered":"<div style=\"color: #ffffff; font-size: 14px; line-height: 1.2;\">\n<p style=\"margin: 6px 0 2px 0; color: #78A22E;\"><strong>  Caracter\u00edsticas do Distintivo:<\/strong><\/p>\n<ul style=\"margin: 0; padding-left: 16px;\">\n<li style=\"margin: 0; color: #78A22E;\"><span style=\"color: #ffffff;\"><strong>Formato:<\/strong> Personalizado, definido pela arte do cliente;<\/span><\/li>\n<li style=\"margin: 0; color: #78A22E;\"><span style=\"color: #ffffff;\"><strong>Dimens\u00f5es m\u00e1ximas:<\/strong> 85 \u00d7 85 mm;<\/span><\/li>\n<li style=\"margin: 0; color: #78A22E;\"><span style=\"color: #ffffff;\"><strong>Substrato:<\/strong> Multicamada (EcoPatch HD);<\/span><\/li>\n<li style=\"margin: 0; color: #78A22E;\"><span style=\"color: #ffffff;\"><strong>Espessura:<\/strong> ~0,5 mm;<\/span><\/li>\n<li style=\"margin: 0; color: #78A22E;\"><span style=\"color: #ffffff;\"><strong>Acabamento:<\/strong> Matte (fosco);<\/span><\/li>\n<li style=\"margin: 0; color: #78A22E;\"><span style=\"color: #ffffff;\"><strong>Decora\u00e7\u00e3o:<\/strong> Impress\u00e3o T\u00eaxtil HD;<\/span><\/li>\n<li style=\"margin: 0; color: #78A22E;\"><span style=\"color: #ffffff;\"><strong>Cores:<\/strong> Conforme arte do cliente;<\/span><\/li>\n<li style=\"margin: 0; color: #78A22E;\"><span style=\"color: #ffffff;\"><strong>Estampa:<\/strong> Fornecida pelo Cliente;<\/span><\/li>\n<li style=\"margin: 0; color: #78A22E;\"><span style=\"color: #ffffff;\"><strong>Corte:<\/strong> Laser digital;<\/span><\/li>\n<li style=\"margin: 0; color: #78A22E;\"><span style=\"color: #ffffff;\"><strong>Bordas:<\/strong> Seladas a laser;<\/span><\/li>\n<li style=\"margin: 0; color: #78A22E;\"><span style=\"color: #ffffff;\"><strong>Fixa\u00e7\u00e3o:<\/strong> costura \u00e0 m\u00e1quina ou manual.<\/span><\/li>\n<\/ul>\n<p style=\"margin: 6px 0 2px 0; color: #78A22E;\"><strong>Informa\u00e7\u00f5es Comerciais:<\/strong><\/p>\n<ul style=\"margin: 0; padding-left: 16px;\">\n<li style=\"margin: 0; color: #78A22E;\"><span style=\"color: #ffffff;\"><strong>Quantidade m\u00ednima:<\/strong> 15 un por estampa;<\/span><\/li>\n<li style=\"margin: 0; color: #78A22E;\"><span style=\"color: #ffffff;\"><strong>Produ\u00e7\u00e3o Padr\u00e3o:<\/strong> at\u00e9 4 dias \u00fateis (15\u2013300 p\u00e7s);<\/span><\/li>\n<li style=\"margin: 0; color: #78A22E;\"><span style=\"color: #ffffff;\"><strong>Entrega:<\/strong> Retirada \u00b7 Mini Envios \u00b7 PAC \u00b7 SEDEX;<\/span><\/li>\n<li style=\"margin: 0; color: #78A22E;\"><span style=\"color: #ffffff;\"><strong>Garantia:<\/strong> Conforme CDC.<\/span><\/li>\n<\/ul>\n<\/div>\n","protected":false},"featured_media":10655,"template":"","meta":[],"etheme_brands":[{"term_id":95,"name":"EcoPatch HD Print","slug":"ecopatch-hd-print","term_group":0,"term_taxonomy_id":95,"taxonomy":"brand","description":"","parent":0,"count":21,"filter":"raw"}],"product_cat":[94],"product_tag":[],"_links":{"self":[{"href":"https:\/\/sfdistintivos.com.br\/sf02\/wp-json\/wp\/v2\/product\/10654"}],"collection":[{"href":"https:\/\/sfdistintivos.com.br\/sf02\/wp-json\/wp\/v2\/product"}],"about":[{"href":"https:\/\/sfdistintivos.com.br\/sf02\/wp-json\/wp\/v2\/types\/product"}],"version-history":[{"count":0,"href":"https:\/\/sfdistintivos.com.br\/sf02\/wp-json\/wp\/v2\/product\/10654\/revisions"}],"wp:featuredmedia":[{"embeddable":true,"href":"https:\/\/sfdistintivos.com.br\/sf02\/wp-json\/wp\/v2\/media\/10655"}],"wp:attachment":[{"href":"https:\/\/sfdistintivos.com.br\/sf02\/wp-json\/wp\/v2\/media?parent=10654"}],"wp:term":[{"taxonomy":"brand","embeddable":true,"href":"https:\/\/sfdistintivos.com.br\/sf02\/wp-json\/wp\/v2\/etheme_brands?post=10654"},{"taxonomy":"product_cat","embeddable":true,"href":"https:\/\/sfdistintivos.com.br\/sf02\/wp-json\/wp\/v2\/product_cat?post=10654"},{"taxonomy":"product_tag","embeddable":true,"href":"https:\/\/sfdistintivos.com.br\/sf02\/wp-json\/wp\/v2\/product_tag?post=10654"}],"curies":[{"name":"wp","href":"https:\/\/api.w.org\/{rel}","templated":true}]}}