{"id":6546,"date":"2022-03-29T14:00:28","date_gmt":"2022-03-29T17:00:28","guid":{"rendered":"https:\/\/sfdistintivos.com.br\/sf02\/?page_id=6546"},"modified":"2022-05-25T12:15:49","modified_gmt":"2022-05-25T15:15:49","slug":"termos-e-condicoes-de-comercializacao","status":"publish","type":"page","link":"https:\/\/sfdistintivos.com.br\/sf02\/termos-e-condicoes-de-comercializacao\/","title":{"rendered":"Termos e Condi\u00e7\u00f5es de Comercializa\u00e7\u00e3o"},"content":{"rendered":"\t\t<div data-elementor-type=\"wp-page\" data-elementor-id=\"6546\" class=\"elementor elementor-6546\" data-elementor-settings=\"[]\">\n\t\t\t\t\t\t\t<div class=\"elementor-section-wrap\">\n\t\t\t\t\t\t\t<section class=\"elementor-section elementor-top-section elementor-element elementor-element-2bf64c6 elementor-section-boxed elementor-section-height-default elementor-section-height-default\" data-id=\"2bf64c6\" data-element_type=\"section\">\n\t\t\t\t\t\t<div class=\"elementor-container elementor-column-gap-default\">\n\t\t\t\t\t<div class=\"elementor-column elementor-col-100 elementor-top-column elementor-element elementor-element-3f225b1\" data-id=\"3f225b1\" data-element_type=\"column\">\n\t\t\t<div class=\"elementor-widget-wrap elementor-element-populated\">\n\t\t\t\t\t\t\t\t<div class=\"elementor-element elementor-element-e27cdc4 elementor-widget elementor-widget-heading\" data-id=\"e27cdc4\" data-element_type=\"widget\" data-widget_type=\"heading.default\">\n\t\t\t\t<div class=\"elementor-widget-container\">\n\t\t\t<h2 class=\"elementor-heading-title elementor-size-default\">Termos e Condi\u00e7\u00f5es de Comercializa\u00e7\u00e3o <\/h2>\t\t<\/div>\n\t\t\t\t<\/div>\n\t\t\t\t\t<\/div>\n\t\t<\/div>\n\t\t\t\t\t\t\t<\/div>\n\t\t<\/section>\n\t\t\t\t<section class=\"elementor-section elementor-top-section elementor-element elementor-element-b320ca9 elementor-section-boxed elementor-section-height-default elementor-section-height-default\" data-id=\"b320ca9\" data-element_type=\"section\">\n\t\t\t\t\t\t<div class=\"elementor-container elementor-column-gap-default\">\n\t\t\t\t\t<div class=\"elementor-column elementor-col-100 elementor-top-column elementor-element elementor-element-b817d93\" data-id=\"b817d93\" data-element_type=\"column\">\n\t\t\t<div class=\"elementor-widget-wrap elementor-element-populated\">\n\t\t\t\t\t\t\t\t<div class=\"elementor-element elementor-element-f874f48 elementor-widget elementor-widget-text-editor\" data-id=\"f874f48\" data-element_type=\"widget\" data-widget_type=\"text-editor.default\">\n\t\t\t\t<div class=\"elementor-widget-container\">\n\t\t\t\t\t\t\t<p style=\"text-align: justify;\"><span style=\"color: #ffffff;\"><strong><span style=\"color: #78a22e;\">1 \u2013 Abrang\u00eancia:<\/span> <\/strong>aquisi\u00e7\u00f5es de produtos atrav\u00e9s de nosso sistema de autoatendimento \u201cOr\u00e7amento On-line\u201d.<\/span><\/p><p style=\"text-align: justify;\"><span style=\"color: #ffffff;\"><span style=\"color: #78a22e;\"><strong>2 \u2013 Exclusividade:<\/strong><\/span> a SF IMPRESS\u00c3O E CORTE DIGITAL, atrav\u00e9s de seu sistema de autoatendimento \u201c<a style=\"color: #ffffff;\" href=\"https:\/\/sfdistintivos.com.br\/sf02\/\">OR\u00c7AMENTO ON-LINE<\/a>\u201d, atende exclusivamente a pedidos de agremia\u00e7\u00f5es comprovadamente escoteiras, atrav\u00e9s de seus membros filiados (adultos ou juvenis) de todo o Brasil, n\u00e3o comercializando para terceiros (revendas ou colecionadores) distintivos, ins\u00edgnias, argan\u00e9is ou qualquer outro produto personalizado, confeccionado sob encomenda formal de uma Regi\u00e3o Escoteira, Loja Escoteira, Distrito Escoteiro, Grupo Escoteiro, Tropa Escoteira, Alcateia, Patrulha ou Matilha. As credenciais fornecidas pelo solicitante poder\u00e3o ser checadas junto \u00e0 agremia\u00e7\u00e3o escoteira.<\/span><\/p><p style=\"text-align: justify;\"><span style=\"color: #ffffff;\"><strong><span style=\"color: #78a22e;\">3 &#8211; Quantidade m\u00ednima:<\/span><\/strong> a quantidade m\u00ednima a ser or\u00e7ada para cada estampa \u00e9 de 15 pe\u00e7as;<\/span><\/p><p style=\"text-align: justify;\"><span style=\"color: #ffffff;\"><span style=\"color: #78a22e;\"><strong>4 \u2013 Aceite deste or\u00e7amento:<\/strong><\/span> Concordando com os valores, forma de pagamento, prazos e condi\u00e7\u00f5es de fornecimento que constam neste or\u00e7amento solicitamos a gentileza de:<\/span><\/p><p style=\"text-align: justify;\"><span style=\"color: #ffffff;\"><span style=\"color: #78a22e;\"><strong>4.1 \u2013<\/strong><\/span> Formalizar pedido de compra via e-mail para o endere\u00e7o <a style=\"color: #ffffff;\" href=\"mailto:vendas@sfdistintivos.com.br\">vendas@sfdistintivos.com.br<\/a> (anexando este or\u00e7amento);<\/span><\/p><p style=\"text-align: justify;\"><span style=\"color: #ffffff;\"><span style=\"color: #78a22e;\"><strong>4.2 \u2013 <\/strong><\/span>Fornecer arte final (estampa) conforme item 4, 5 e 6 destes Termos e Condi\u00e7\u00f5es de Comercializa\u00e7\u00e3o de Nossos Produtos\u00a0 do Sistema de autoatendimento \u201cOr\u00e7amento On-line\u201d;<\/span><\/p><p style=\"text-align: justify;\"><span style=\"color: #ffffff;\"><span style=\"color: #78a22e;\"><strong>5 \u2013 Arte final:<\/strong><\/span> \u00e9 um pr\u00e9-requisito para a confec\u00e7\u00e3o de distintivos, argan\u00e9is e afins, e deve ser fornecida via e-mail pelo cliente, junto com o aceite do or\u00e7amento, ou seja, a arte final deve ser anexada ao pedido de compra.<\/span><\/p><p style=\"text-align: justify;\"><span style=\"color: #78a22e;\"><strong>6 \u2013 Exig\u00eancias t\u00e9cnicas da arte final:<\/strong><\/span><\/p><p style=\"text-align: justify;\"><span style=\"color: #ffffff;\"><span style=\"color: #78a22e;\"><strong>6.1 \u2013<\/strong> <\/span>arquivo no formato PDF ou .CDR (CorelDraw) ou\u00a0 .AI (Adobe Illustrator), contendo arte final com TEXTOS VETORIZADOS convertidos em curvas, salvos com cores no padr\u00e3o RGB.<\/span><\/p><p style=\"text-align: justify;\"><span style=\"color: #ffffff;\"><span style=\"color: #78a22e;\"><strong>6.2 \u2013<\/strong><\/span> Padr\u00e3o de cores diferentes de RGB (EX: CMYK ou Pantone) ser\u00e3o convertidos para o formato RGB (padr\u00e3o utilizado pelos equipamentos da SF IMPRESS\u00c3O E CORTE DIGITAL, nesta convers\u00e3o podem ocorrer altera\u00e7\u00f5es de tonalidade nas cores da estampa.<\/span><\/p><p style=\"text-align: justify;\"><span style=\"color: #ffffff;\"><span style=\"color: #78a22e;\"><strong>6.3 \u2013<\/strong><\/span> Legibilidade dos textos: N\u00e3o nos responsabilizamos por ilegibilidade de textos em artes com fontes menores que 10pt (2,5 mm) ou letras finas sobre cores escuras, principalmente sobre preto.<\/span><\/p><p style=\"text-align: justify;\"><span style=\"color: #ffffff;\"><span style=\"color: #78a22e;\"><strong>7 \u2013 Avalia\u00e7\u00e3o da arte final: <\/strong><\/span>A arte final fornecida pelo cliente poder\u00e1 ser recusada, se a mesma n\u00e3o atender as especifica\u00e7\u00f5es t\u00e9cnicas (itens 6.1 , 6.2 e 6.3), ou apresentar conte\u00fado (gr\u00e1fico ou texto) incompat\u00edvel com o movimento escoteiro e sua filosofia.<\/span><\/p><p style=\"text-align: justify;\"><span style=\"color: #ffffff;\"><span style=\"color: #78a22e;\"><strong>8 \u2013 Dados banc\u00e1rios para dep\u00f3sito:<\/strong><\/span> os dados banc\u00e1rios para dep\u00f3sito ser\u00e3o fornecidos ap\u00f3s a aprova\u00e7\u00e3o da arte final pela equipe da SF IMPRESS\u00c3O E CORTE DIGITAL.<\/span><\/p><p style=\"text-align: justify;\"><span style=\"color: #78a22e;\"><strong>9 \u2013 Prazo m\u00e9dio de refer\u00eancia para produ\u00e7\u00e3o e postagem nos correios:<\/strong><\/span><\/p><p style=\"text-align: justify;\"><span style=\"color: #ffffff;\"><span style=\"color: #78a22e;\"><strong>9.1 \u2013<\/strong> <\/span>A contagem do prazo m\u00e9dio ter\u00e1 in\u00edcio ap\u00f3s a comprova\u00e7\u00e3o de pagamento, atrav\u00e9s do envio de imagem (foto ou scanner) do comprovante de dep\u00f3sito.<\/span><\/p><p style=\"text-align: justify;\"><span style=\"color: #ffffff;\"><strong><span style=\"color: #78a22e;\">9.2<\/span> \u2013<\/strong> Prazo m\u00e9dio\/quantidade encomendada: at\u00e9 500 pe\u00e7as 5 dias \u00fateis. Para artes irregulares (corte personalizado CNC) acrescentar 25 % ao prazo.<\/span><\/p><p style=\"text-align: justify;\"><span style=\"color: #ffffff;\"><span style=\"color: #78a22e;\"><strong>9.3 \u2013<\/strong><\/span> Para quantidades maiores que 500 pe\u00e7as: o prazo para produ\u00e7\u00e3o e postagem ser\u00e1 combinado entre as partes.<\/span><\/p><p style=\"text-align: justify;\"><span style=\"color: #ffffff;\"><span style=\"color: #78a22e;\"><strong>10 \u2013 Prazo m\u00e9dio de refer\u00eancia para entrega da encomenda ao cliente:<\/strong><\/span> somar o tempo\u00a0 estimado para a modalidade de transporte escolhida (ex: Mini Envios, PAC ou SEDEX ) ao prazo m\u00e9dio para produ\u00e7\u00e3o e postagem que consta no item 9 deste Termo e Condi\u00e7\u00f5es de Comercializa\u00e7\u00e3o.<\/span><\/p><p><span style=\"color: #ffffff;\"><span style=\"color: #78a22e;\"><strong>11 \u2013 Correios:<\/strong><\/span> a SF IMPRESS\u00c3O E CORTE DIGITAL n\u00e3o se responsabiliza por eventuais atrasos na entrega, provocados por situa\u00e7\u00f5es operacionais dos Correios e seus parceiros.<\/span><\/p><p style=\"text-align: justify;\"><span style=\"color: #ffffff;\"><span style=\"color: #78a22e;\"><strong>12 \u2013 Pre\u00e7os:<\/strong><\/span> todos os pre\u00e7os informados neste or\u00e7amento s\u00e3o exclusivos para Agremia\u00e7\u00f5es Comprovadamente Escoteiras e seus membros ( produtos, quantidades e modalidades de transporte).<\/span><\/p><p style=\"text-align: justify;\"><span style=\"color: #ffffff;\"><span style=\"color: #78a22e;\"><strong>13 \u2013 Validade do or\u00e7amento:<\/strong><\/span> este or\u00e7amento possui a validade de 15 dias. Ap\u00f3s este per\u00edodo efetue um novo or\u00e7amento.<\/span><\/p><p style=\"text-align: justify;\"><span style=\"color: #ffffff;\"><span style=\"color: #78a22e;\"><strong>14 \u2013 Exposi\u00e7\u00e3o em Portf\u00f3lio:<\/strong><\/span> produtos confeccionados pela SF IMPRESS\u00c3O E CORTE DIGITAL, poder\u00e3o ser expostos em nossos portf\u00f3lios na WWW (World Wide Web \u2013 P\u00e1ginas e Redes Sociais) informando um c\u00f3digo de refer\u00eancia para rastreabilidade da origem do pedido.<\/span><\/p><p style=\"text-align: justify;\"><span style=\"color: #ffffff;\"><span style=\"color: #78a22e;\"><strong>15 \u2013 Nota Fiscal:<\/strong><\/span> para a emiss\u00e3o de nota fiscal para a pessoa jur\u00eddica da unidade escoteira, solicitamos a gentileza de enviar os dados cadastrais da Agremia\u00e7\u00e3o Escoteira (N\u00ba do CNPJ, Raz\u00e3o Social, Inscri\u00e7\u00e3o Estadual, etc.).Caso a unidade n\u00e3o possua CNPJ a Nota fiscal ser\u00e1 emitida no CPF do escotista solicitante.\u00a0<\/span><\/p><p style=\"text-align: justify;\"><span style=\"color: #78a22e;\"><strong>16 \u2013 ORIENTA\u00c7\u00d5ES PARA APLICA\u00c7\u00c3O E REMO\u00c7\u00c3O DE DISTINTIVOS TERMOCOLANTES \u2013 (COLA ATIVADA POR CALOR):<\/strong><\/span><\/p><p style=\"text-align: justify;\"><span style=\"color: #ffffff;\"><strong>OBSERVA\u00c7\u00c3O 01: <\/strong>Orienta\u00e7\u00e3o v\u00e1lida apenas para produtos com acabamento termocolante.<\/span><\/p><p style=\"text-align: justify;\"><span style=\"color: #ffffff;\"><strong>TERMOCOLANTE OU TERMOADESIVO:<\/strong> \u00e9 um adesivo ativado quando submetido ao calor e \u00e0 press\u00e3o.<\/span><\/p><p style=\"text-align: justify;\"><span style=\"color: #ffffff;\">Os distintivos de atividades confeccionados pela SF IMPRESS\u00c3O E CORTE DIGITAL, possuem acabamento termocolante especial, n\u00e3o definitivo de a\u00e7\u00e3o prolongada que n\u00e3o deixa res\u00edduos na camisa escoteira ao ser retirado com \u00e1lcool em gel ou l\u00edquido 70\u00b0 (A a\u00e7\u00e3o prolongada n\u00e3o definitiva do termoadesivo utilizado em nossos distintivos, atende perfeitamente a regra 193 do POR 2013 \u2013 UEB \u201c\u2026 utilizar, por doze meses\u2026\u201d), podendo ser aplicados com ferro el\u00e9trico de passar roupa regulado em temperatura m\u00e9dia.\u00a0 Por\u00e9m alguns cuidados devem ser tomados para n\u00e3o danificar o distintivo ou a camisa escoteira.<\/span><\/p><p style=\"text-align: justify;\"><span style=\"color: #78a22e;\"><strong>APLICA\u00c7\u00c3O DE DISTINTIVOS TERMOCOLANTES\u00a0<\/strong><\/span><\/p><p style=\"text-align: justify;\"><span style=\"color: #78a22e;\"><strong>IMPORTANTE:<\/strong> (leia com aten\u00e7\u00e3o)<\/span><\/p><p style=\"text-align: justify;\"><span style=\"color: #ffffff;\"><span style=\"color: #78a22e;\"><strong>a \u2013<\/strong><\/span> O uso de ferro el\u00e9trico de passar roupa, dever\u00e1 ocorrer por adultos ou sob a observa\u00e7\u00e3o direta destes;<\/span><\/p><p style=\"text-align: justify;\"><span style=\"color: #ffffff;\"><span style=\"color: #78a22e;\"><strong>b \u2013<\/strong><\/span> Nunca usar o ferro el\u00e9trico de passar roupa na temperatura m\u00e1xima;<\/span><\/p><p style=\"text-align: justify;\"><span style=\"color: #ffffff;\"><span style=\"color: #78a22e;\"><strong>c \u2013<\/strong> <\/span>Para fazer a aplica\u00e7\u00e3o, ligue o ferro el\u00e9trico de passar NA TEMPERATURA M\u00c9DIA. N\u00e3o utilize a op\u00e7\u00e3o vapor do seu ferro de passar;<\/span><\/p><p style=\"text-align: justify;\"><span style=\"color: #ffffff;\"><span style=\"color: #78a22e;\"><strong>d \u2013<\/strong><\/span> Passe o ferro (NA TEMPERATURA M\u00c9DIA) no tecido para liberar a umidade e remover rugas. Utilize uma superf\u00edcie r\u00edgida e forrada, como uma mesa ou tabua de passar;<\/span><\/p><p style=\"text-align: justify;\"><span style=\"color: #ffffff;\"><span style=\"color: #78a22e;\"><strong>e \u2013<\/strong><\/span> Retire o liner da parte de tr\u00e1s do distintivo termocolante;<\/span><\/p><p style=\"text-align: justify;\"><span style=\"color: #ffffff;\"><span style=\"color: #78a22e;\"><strong>f \u2013<\/strong><\/span> Utilize a caracter\u00edstica aderente (pr\u00e9-colagem) e posicione o distintivo, com o verso para baixo, no local em que deseja aplic\u00e1-lo;<\/span><\/p><p style=\"text-align: justify;\"><span style=\"color: #ffffff;\"><span style=\"color: #78a22e;\"><strong>g \u2013<\/strong><\/span> Coloque outro tecido fino, de prefer\u00eancia de algod\u00e3o branco, sobre o distintivo, para proteg\u00ea-lo do contato direto com o ferro;<\/span><\/p><p style=\"text-align: justify;\"><span style=\"color: #ffffff;\"><span style=\"color: #78a22e;\"><strong>h \u2013<\/strong> <\/span>Pressione com for\u00e7a o ferro j\u00e1 quente sobre o tecido que est\u00e1 sobre o distintivo j\u00e1 pr\u00e9-colado no local, fazendo movimentos circulares constantes para que toda a superf\u00edcie seja termicamente ativada, durante 7 a 8 segundos (depende de cada ferro);<\/span><\/p><p style=\"text-align: justify;\"><span style=\"color: #ffffff;\"><span style=\"color: #78a22e;\"><strong>i \u2013<\/strong><\/span> Se poss\u00edvel, repita os passos \u201cg\u201d e \u201ch\u201d no verso do tecido no local onde o distintivo foi aplicado;<\/span><\/p><p style=\"text-align: justify;\"><span style=\"color: #ffffff;\"><span style=\"color: #78a22e;\"><strong>j \u2013<\/strong><\/span> Pronto, seu distintivo\u00a0 termocolante\u00a0 (SF Distintivos) est\u00e1 aplicado;<\/span><\/p><p style=\"text-align: justify;\"><span style=\"color: #ffffff;\"><span style=\"color: #78a22e;\"><strong>k \u2013<\/strong><\/span> Para conservar, e n\u00e3o estragar o seu distintivo, nunca aplicar o ferro el\u00e9trico diretamente sobre o distintivo, bem como, nunca usar o ferro el\u00e9trico de passar roupa na temperatura m\u00e1xima;<\/span><\/p><p style=\"text-align: justify;\"><span style=\"color: #78a22e;\"><strong>Aplica\u00e7\u00e3o por costura \u00e0 m\u00e1quina ou manual: (para distintivos termocolantes)<\/strong><\/span><\/p><p style=\"text-align: justify;\"><span style=\"color: #ffffff;\"><span style=\"color: #78a22e;\"><strong>a \u2013<\/strong><\/span> Retire o liner da parte de tr\u00e1s do distintivo termocolante;<\/span><\/p><p style=\"text-align: justify;\"><span style=\"color: #ffffff;\"><span style=\"color: #78a22e;\"><strong>b \u2013<\/strong><\/span> Utilize a caracter\u00edstica aderente (pr\u00e9-colagem) e posicione o distintivo, com o verso para baixo, no local em que deseja aplic\u00e1-lo;<\/span><\/p><p style=\"text-align: justify;\"><span style=\"color: #ffffff;\"><span style=\"color: #78a22e;\"><strong>c \u2013<\/strong> <\/span>Fazer a costura na borda do distintivo manualmente ou em m\u00e1quina de costura.<\/span><br \/><span style=\"color: #ffffff;\">\u00a0<\/span><\/p><p style=\"text-align: justify;\"><span style=\"color: #78a22e;\"><strong>REMO\u00c7\u00c3O DO DISTINTIVO TERMOCOLANTE<\/strong><\/span><\/p><p style=\"text-align: justify;\"><span style=\"color: #ffffff;\">Para a remo\u00e7\u00e3o de distintivos da SF IMPRESS\u00c3O E CORTE DIGITAL (SF Distintivos) que possuem acabamento termocolante n\u00e3o definitivo de a\u00e7\u00e3o prolongada, recomendamos a utiliza\u00e7\u00e3o dos seguintes produtos: \u00c1lcool em gel ou l\u00edquido 70\u00b0 (de uso geral) \u00c1lcool com estas caracter\u00edsticas podem ser encontrados em supermercados e farm\u00e1cias.<\/span><\/p><p style=\"text-align: justify;\"><span style=\"color: #78a22e;\"><strong>IMPORTANTE:<\/strong> (leia com aten\u00e7\u00e3o)<\/span><\/p><p style=\"text-align: justify;\"><span style=\"color: #ffffff;\"><span style=\"color: #78a22e;\"><strong>a \u2013<\/strong><\/span> Para fazer a remo\u00e7\u00e3o dos distintivos da SF IMPRESS\u00c3O E CORTE DIGITAL (SF Distintivos) que possuem acabamento termocolante de camisas escoteiras, aplicar o \u00c1lcool em gel ou l\u00edquido 70\u00b0, no verso do tecido no local onde o distintivo foi aplicado, e deixar agir por at\u00e9 5 minutos;<\/span><\/p><p style=\"text-align: justify;\"><span style=\"color: #ffffff;\"><span style=\"color: #78a22e;\"><strong>b \u2013<\/strong><\/span> logo em seguida, com muito cuidado para n\u00e3o danificar o distintivo, inicie o processo de descolamento do distintivo aplicando uma for\u00e7a de tra\u00e7\u00e3o com as pontas dos dedos nas bordas do distintivo.<\/span><\/p><p style=\"text-align: justify;\"><span style=\"color: #ffffff;\"><span style=\"color: #78a22e;\">c \u2013<\/span> N\u00e3o recomendamos que o produto\u00a0 \u00c1lcool em gel ou l\u00edquido 70\u00b0 (de uso geral)\u00a0 permane\u00e7a por muito tempo em contato com o tecido da camisa escoteira, para que n\u00e3o possa gerar danos ao material, portanto lave sempre a pe\u00e7a de roupa ao final da remo\u00e7\u00e3o do distintivo.<\/span><\/p><p style=\"text-align: justify;\"><span style=\"color: #78a22e;\"><strong>Observa\u00e7\u00f5es Gerais:<\/strong><\/span><\/p><p style=\"text-align: justify;\"><span style=\"color: #ffffff;\"><span style=\"color: #78a22e;\"><strong>a \u2013<\/strong><\/span> Favor observar as demais instru\u00e7\u00f5es e restri\u00e7\u00f5es de uso do produto \u00c1lcool em gel ou l\u00edquido 70\u00b0, constantes em sua respectiva embalagem.<\/span><\/p><p style=\"text-align: justify;\"><span style=\"color: #ffffff;\"><span style=\"color: #78a22e;\"><strong>b \u2013<\/strong><\/span> Qualquer uso dessa esp\u00e9cie de produto \u201c\u00c1lcool em gel ou l\u00edquido 70\u00b0 \u201c\u00a0 ou ferro el\u00e9trico de passar roupa, dever\u00e1 ocorrer por adultos ou sob a observa\u00e7\u00e3o direta destes;<\/span><\/p><p style=\"text-align: justify;\"><span style=\"color: #ffffff;\"><span style=\"color: #78a22e;\"><strong>c \u2013<\/strong><\/span> Exposi\u00e7\u00f5es a altas temperaturas e outras tentativas de remo\u00e7\u00e3o t\u00e9rmica devem ser evitadas de todas as formas, para n\u00e3o acarretar danos a camisa escoteira e\/ou distintivo termocolante, sempre respeitando o limite de temperatura de exposi\u00e7\u00e3o indicado na etiqueta da camisa escoteira.<\/span><\/p><p style=\"text-align: justify;\"><span style=\"color: #ffffff;\"><span style=\"color: #78a22e;\"><strong>Sugest\u00e3o:<\/strong><\/span>\u00a0 Caso a cola do distintivo ainda permane\u00e7a ativa (aderente) sugerimos efetuar a colagem do mesmo em um \u201cponcho escoteiro\u201d ou se preferir em uma folha de papel sulfite como parte de uma cole\u00e7\u00e3o de distintivos.<\/span><\/p><p style=\"text-align: justify;\"><span style=\"color: #ffffff;\"><span style=\"color: #78a22e;\"><strong>ATEN\u00c7\u00c3O:<\/strong><\/span> as Orienta\u00e7\u00f5es para aplica\u00e7\u00e3o e remo\u00e7\u00e3o de distintivos com acabamento termocolante fazem parte do \u201cTermos e Condi\u00e7\u00f5es de Comercializa\u00e7\u00e3o de Nossos Produtos\u201d. Ciente o cliente de que a SF IMPRESS\u00c3O E CORTE DIGITAL, n\u00e3o se responsabiliza por quaisquer danos ocorridos aos distintivos ou vestu\u00e1rio escoteiro, por manuseio ou uso inadequado de nossos produtos termocolantes. Entenda-se por \u201cManuseio Inadequado\u201d: a n\u00e3o observ\u00e2ncia das orienta\u00e7\u00f5es aqui contidas.<\/span><\/p><p style=\"text-align: justify;\"><span style=\"color: #78a22e;\">Termo atualizado em: 28\/03\/2022<\/span><\/p><p style=\"text-align: justify;\"><span style=\"color: #ffffff;\"><strong><span style=\"color: #78a22e;\">Observa\u00e7\u00e3o 02<\/span><\/strong>: Este termo \u00e9 parte integrante de cada or\u00e7amento emitido atrav\u00e9s do Sistema de autoatendimento \u201cOr\u00e7amento On-line\u201d, no endere\u00e7o <span style=\"color: #78a22e;\"><a style=\"color: #78a22e;\" href=\"http:\/\/www.sfdistintivos.com.br\/sf02\">www.sfdistintivos.com.br\/sf02<\/a><\/span><\/span><\/p>\t\t\t\t\t\t<\/div>\n\t\t\t\t<\/div>\n\t\t\t\t\t<\/div>\n\t\t<\/div>\n\t\t\t\t\t\t\t<\/div>\n\t\t<\/section>\n\t\t\t\t\t\t<\/div>\n\t\t\t\t\t<\/div>\n\t\t","protected":false},"excerpt":{"rendered":"<p>Termos e Condi\u00e7\u00f5es de Comercializa\u00e7\u00e3o 1 \u2013 Abrang\u00eancia: aquisi\u00e7\u00f5es de produtos atrav\u00e9s de nosso sistema de autoatendimento \u201cOr\u00e7amento On-line\u201d. 2 \u2013 Exclusividade: a SF IMPRESS\u00c3O E CORTE DIGITAL, atrav\u00e9s de seu sistema de autoatendimento \u201cOR\u00c7AMENTO ON-LINE\u201d, atende exclusivamente a pedidos de agremia\u00e7\u00f5es comprovadamente escoteiras, atrav\u00e9s de seus membros filiados (adultos ou juvenis) de todo o Brasil, n\u00e3o comercializando para terceiros (revendas ou colecionadores) distintivos, ins\u00edgnias, argan\u00e9is ou qualquer outro produto personalizado, confeccionado sob encomenda formal de uma Regi\u00e3o Escoteira, Loja Escoteira, Distrito Escoteiro, Grupo Escoteiro, Tropa Escoteira, Alcateia, Patrulha ou Matilha. As credenciais fornecidas pelo solicitante poder\u00e3o ser checadas junto<\/p>\n","protected":false},"author":41,"featured_media":0,"parent":0,"menu_order":0,"comment_status":"closed","ping_status":"closed","template":"","meta":[],"_links":{"self":[{"href":"https:\/\/sfdistintivos.com.br\/sf02\/wp-json\/wp\/v2\/pages\/6546"}],"collection":[{"href":"https:\/\/sfdistintivos.com.br\/sf02\/wp-json\/wp\/v2\/pages"}],"about":[{"href":"https:\/\/sfdistintivos.com.br\/sf02\/wp-json\/wp\/v2\/types\/page"}],"author":[{"embeddable":true,"href":"https:\/\/sfdistintivos.com.br\/sf02\/wp-json\/wp\/v2\/users\/41"}],"replies":[{"embeddable":true,"href":"https:\/\/sfdistintivos.com.br\/sf02\/wp-json\/wp\/v2\/comments?post=6546"}],"version-history":[{"count":0,"href":"https:\/\/sfdistintivos.com.br\/sf02\/wp-json\/wp\/v2\/pages\/6546\/revisions"}],"wp:attachment":[{"href":"https:\/\/sfdistintivos.com.br\/sf02\/wp-json\/wp\/v2\/media?parent=6546"}],"curies":[{"name":"wp","href":"https:\/\/api.w.org\/{rel}","templated":true}]}}