{"id":7417,"date":"2023-06-18T20:04:30","date_gmt":"2023-06-18T23:04:30","guid":{"rendered":"https:\/\/sfdistintivos.com.br\/sf01\/?post_type=product&#038;p=7417"},"modified":"2023-06-18T20:21:15","modified_gmt":"2023-06-18T23:21:15","slug":"distintivo-retangular-70x60mm-catar-a-2020","status":"publish","type":"product","link":"https:\/\/sfdistintivos.com.br\/sf01\/product\/distintivo-retangular-70x60mm-catar-a-2020\/","title":{"rendered":"Distintivo Retangular 70&#215;60 mm CATAr-A-2020"},"content":{"rendered":"","protected":false},"excerpt":{"rendered":"<p><span style=\"font-weight: 400;\">[bpstarratings]<strong><span style=\"color: #78a22e;\">Caracter\u00edsticas do produto:<\/span><\/strong><\/span><\/p>\n<p><span style=\"font-weight: 400;\"><strong><span style=\"color: #78a22e;\">1 \u2013<\/span> <\/strong>Formato: retangular;<br \/>\n<\/span><span style=\"font-weight: 400;\"><strong><span style=\"color: #78a22e;\">2 \u2013<\/span><\/strong> Tamanho: 70&#215;60 mm;<br \/>\n<\/span><span style=\"font-weight: 400;\"><strong><span style=\"color: #78a22e;\">3 \u2013<\/span><\/strong> T\u00e9cnica de decora\u00e7\u00e3o t\u00eaxtil: digital print;<br \/>\n<\/span><span style=\"font-weight: 400;\"><strong><span style=\"color: #78a22e;\">4 \u2013<\/span><\/strong> T\u00e9cnica de corte: digital cut;<br \/>\n<\/span><span style=\"font-weight: 400;\"><strong><span style=\"color: #78a22e;\">5 \u2013<\/span><\/strong> Substrato: Tecido PET multicamada;<br \/>\n<\/span><span style=\"font-weight: 400;\"><strong><span style=\"color: #78a22e;\">6 \u2013<\/span><\/strong> Espessura do substrato: em m\u00e9dia 0,6 mm;<\/span><\/p>\n<p><span style=\"font-weight: 400;\"><strong><span style=\"color: #78a22e;\">Obs: <\/span><\/strong><\/span>Este Distintivo foi confeccionado pela SF Impress\u00e3o e Corte Digital, sob encomenda formal de um determinado grupo ou coordena\u00e7\u00e3o escoteira, e n\u00e3o ser\u00e1 comercializado para terceiros (revendas ou colecionadores).<\/p>\n<p style=\"text-align: justify;\"><span style=\"font-weight: 400;\">Para obter um or\u00e7amento <\/span><strong><span style=\"color: #78a22e;\"><a style=\"color: #78a22e;\" href=\"http:\/\/www.sfdistintivos.com.br\/sf02\">clique aqui<\/a><\/span><\/strong><\/p>\n","protected":false},"featured_media":7418,"template":"","meta":[],"etheme_brands":[],"product_cat":[52,70],"product_tag":[],"class_list":["post-7417","product","type-product","status-publish","has-post-thumbnail","hentry","product_cat-03-distintivos-retangulares","product_cat-10-eventos-regionais"],"_links":{"self":[{"href":"https:\/\/sfdistintivos.com.br\/sf01\/wp-json\/wp\/v2\/product\/7417","targetHints":{"allow":["GET"]}}],"collection":[{"href":"https:\/\/sfdistintivos.com.br\/sf01\/wp-json\/wp\/v2\/product"}],"about":[{"href":"https:\/\/sfdistintivos.com.br\/sf01\/wp-json\/wp\/v2\/types\/product"}],"version-history":[{"count":2,"href":"https:\/\/sfdistintivos.com.br\/sf01\/wp-json\/wp\/v2\/product\/7417\/revisions"}],"predecessor-version":[{"id":7420,"href":"https:\/\/sfdistintivos.com.br\/sf01\/wp-json\/wp\/v2\/product\/7417\/revisions\/7420"}],"wp:featuredmedia":[{"embeddable":true,"href":"https:\/\/sfdistintivos.com.br\/sf01\/wp-json\/wp\/v2\/media\/7418"}],"wp:attachment":[{"href":"https:\/\/sfdistintivos.com.br\/sf01\/wp-json\/wp\/v2\/media?parent=7417"}],"wp:term":[{"taxonomy":"brand","embeddable":true,"href":"https:\/\/sfdistintivos.com.br\/sf01\/wp-json\/wp\/v2\/etheme_brands?post=7417"},{"taxonomy":"product_cat","embeddable":true,"href":"https:\/\/sfdistintivos.com.br\/sf01\/wp-json\/wp\/v2\/product_cat?post=7417"},{"taxonomy":"product_tag","embeddable":true,"href":"https:\/\/sfdistintivos.com.br\/sf01\/wp-json\/wp\/v2\/product_tag?post=7417"}],"curies":[{"name":"wp","href":"https:\/\/api.w.org\/{rel}","templated":true}]}}