{"id":7146,"date":"2022-04-17T20:26:34","date_gmt":"2022-04-17T23:26:34","guid":{"rendered":"https:\/\/sfdistintivos.com.br\/sf01\/?post_type=product&#038;p=7146"},"modified":"2023-06-18T19:46:55","modified_gmt":"2023-06-18T22:46:55","slug":"distintivo-circular-70-mm-catar-j-2019-c","status":"publish","type":"product","link":"https:\/\/sfdistintivos.com.br\/sf01\/product\/distintivo-circular-70-mm-catar-j-2019-c\/","title":{"rendered":"Distintivo Circular 70 mm CATAr-J-2019-C"},"content":{"rendered":"","protected":false},"excerpt":{"rendered":"<p><span style=\"font-weight: 400;\">[bpstarratings]<strong><span style=\"color: #78a22e;\">Caracter\u00edsticas do produto:<\/span><\/strong><\/span><\/p>\n<p><span style=\"font-weight: 400;\"><strong><span style=\"color: #78a22e;\">1 \u2013<\/span> <\/strong>Formato: circular;<br \/>\n<\/span><span style=\"font-weight: 400;\"><strong><span style=\"color: #78a22e;\">2 \u2013<\/span><\/strong> Tamanho: 70 mm;<br \/>\n<\/span><span style=\"font-weight: 400;\"><strong><span style=\"color: #78a22e;\">3 \u2013<\/span><\/strong> T\u00e9cnica de decora\u00e7\u00e3o t\u00eaxtil: digital print;<br \/>\n<\/span><span style=\"font-weight: 400;\"><strong><span style=\"color: #78a22e;\">4 \u2013<\/span><\/strong> T\u00e9cnica de corte: digital cut;<br \/>\n<\/span><span style=\"font-weight: 400;\"><strong><span style=\"color: #78a22e;\">5 \u2013<\/span><\/strong> Substrato: Tecido PET multicamada;<br \/>\n<\/span><span style=\"font-weight: 400;\"><strong><span style=\"color: #78a22e;\">6 \u2013<\/span><\/strong> Espessura do substrato: em m\u00e9dia 0,6 mm;<\/p>\n<p><\/span><span style=\"font-weight: 400;\"><strong><span style=\"color: #78a22e;\">Obs: <\/span><\/strong><\/span>Este Distintivo foi confeccionado pela SF Impress\u00e3o e Corte Digital, sob encomenda formal de um determinado grupo ou coordena\u00e7\u00e3o escoteira, e n\u00e3o ser\u00e1 comercializado para terceiros (revendas ou colecionadores).<\/p>\n<p style=\"text-align: justify;\"><span style=\"font-weight: 400;\">Para obter um or\u00e7amento <\/span><strong><span style=\"color: #78a22e;\"><a style=\"color: #78a22e;\" href=\"http:\/\/www.sfdistintivos.com.br\/sf02\">clique aqui<\/a><\/span><\/strong><\/p>\n","protected":false},"featured_media":7412,"template":"","meta":[],"etheme_brands":[],"product_cat":[54],"product_tag":[],"class_list":["post-7146","product","type-product","status-publish","has-post-thumbnail","hentry","product_cat-01-distintivos-circulares"],"_links":{"self":[{"href":"https:\/\/sfdistintivos.com.br\/sf01\/wp-json\/wp\/v2\/product\/7146","targetHints":{"allow":["GET"]}}],"collection":[{"href":"https:\/\/sfdistintivos.com.br\/sf01\/wp-json\/wp\/v2\/product"}],"about":[{"href":"https:\/\/sfdistintivos.com.br\/sf01\/wp-json\/wp\/v2\/types\/product"}],"version-history":[{"count":1,"href":"https:\/\/sfdistintivos.com.br\/sf01\/wp-json\/wp\/v2\/product\/7146\/revisions"}],"predecessor-version":[{"id":7413,"href":"https:\/\/sfdistintivos.com.br\/sf01\/wp-json\/wp\/v2\/product\/7146\/revisions\/7413"}],"wp:featuredmedia":[{"embeddable":true,"href":"https:\/\/sfdistintivos.com.br\/sf01\/wp-json\/wp\/v2\/media\/7412"}],"wp:attachment":[{"href":"https:\/\/sfdistintivos.com.br\/sf01\/wp-json\/wp\/v2\/media?parent=7146"}],"wp:term":[{"taxonomy":"brand","embeddable":true,"href":"https:\/\/sfdistintivos.com.br\/sf01\/wp-json\/wp\/v2\/etheme_brands?post=7146"},{"taxonomy":"product_cat","embeddable":true,"href":"https:\/\/sfdistintivos.com.br\/sf01\/wp-json\/wp\/v2\/product_cat?post=7146"},{"taxonomy":"product_tag","embeddable":true,"href":"https:\/\/sfdistintivos.com.br\/sf01\/wp-json\/wp\/v2\/product_tag?post=7146"}],"curies":[{"name":"wp","href":"https:\/\/api.w.org\/{rel}","templated":true}]}}