{"id":5238,"date":"2021-06-20T12:50:13","date_gmt":"2021-06-20T15:50:13","guid":{"rendered":"https:\/\/sfdistintivos.com.br\/sf01\/?page_id=5238"},"modified":"2022-03-14T16:43:38","modified_gmt":"2022-03-14T19:43:38","slug":"termos-e-condicoes","status":"publish","type":"page","link":"https:\/\/sfdistintivos.com.br\/sf01\/termos-e-condicoes\/","title":{"rendered":"Termos e Condi\u00e7\u00f5es Gerais"},"content":{"rendered":"\t\t<div data-elementor-type=\"wp-page\" data-elementor-id=\"5238\" class=\"elementor elementor-5238\" data-elementor-settings=\"[]\">\n\t\t\t\t\t\t\t<div class=\"elementor-section-wrap\">\n\t\t\t\t\t\t\t<section class=\"elementor-section elementor-top-section elementor-element elementor-element-386536b1 elementor-section-boxed elementor-section-height-default elementor-section-height-default\" data-id=\"386536b1\" data-element_type=\"section\">\n\t\t\t\t\t\t<div class=\"elementor-container elementor-column-gap-default\">\n\t\t\t\t\t<div class=\"elementor-column elementor-col-100 elementor-top-column elementor-element elementor-element-dd8132f\" data-id=\"dd8132f\" data-element_type=\"column\">\n\t\t\t<div class=\"elementor-widget-wrap elementor-element-populated\">\n\t\t\t\t\t\t\t\t<div class=\"elementor-element elementor-element-503a0d44 elementor-widget elementor-widget-text-editor\" data-id=\"503a0d44\" data-element_type=\"widget\" data-widget_type=\"text-editor.default\">\n\t\t\t\t<div class=\"elementor-widget-container\">\n\t\t\t\t\t\t\t<p><span style=\"color: #ffffff;\"><img loading=\"lazy\" decoding=\"async\" class=\"alignnone size-medium wp-image-6322 aligncenter\" src=\"https:\/\/sfdistintivos.com.br\/sf01\/wp-content\/uploads\/2022\/03\/logoSF3-2-300x283.jpg\" alt=\"\" width=\"300\" height=\"283\" srcset=\"https:\/\/sfdistintivos.com.br\/sf01\/wp-content\/uploads\/2022\/03\/logoSF3-2-300x283.jpg 300w, https:\/\/sfdistintivos.com.br\/sf01\/wp-content\/uploads\/2022\/03\/logoSF3-2-10x10.jpg 10w, https:\/\/sfdistintivos.com.br\/sf01\/wp-content\/uploads\/2022\/03\/logoSF3-2.jpg 600w\" sizes=\"auto, (max-width: 300px) 100vw, 300px\" \/><\/span><\/p>\n<p style=\"text-align: justify;\"><b><span style=\"color: #ffffff;\"><span style=\"color: #78a22e;\">Condi\u00e7\u00f5es G<\/span><\/span><span style=\"font-size: inherit; font-family: var( --e-global-typography-text-font-family ), Sans-serif; background-color: var(--et_container-bg-color, transparent); color: rgb(120, 162, 46);\">erais de Comercializa\u00e7\u00e3o:<\/span><\/b><span style=\"font-size: inherit; font-family: var( --e-global-typography-text-font-family ), Sans-serif; font-weight: var( --e-global-typography-text-font-weight ); background-color: var(--et_container-bg-color, transparent); color: rgb(120, 162, 46);\">&nbsp;<\/span><span style=\"color: rgb(255, 255, 255); font-size: inherit; font-family: var( --e-global-typography-text-font-family ), Sans-serif; font-weight: var( --e-global-typography-text-font-weight ); background-color: var(--et_container-bg-color, transparent);\">a SF Impress\u00e3o &amp; Corte Digital, segue algumas regras, no que se refere a comercializa\u00e7\u00e3o de seus produtos:<\/span><\/p>\n<p style=\"text-align: justify;\"><span style=\"color: #ffffff;\"><span style=\"color: #78a22e;\"><b>1 \u2013<\/b><\/span> A SF Impress\u00e3o &amp; Corte Digital n<span style=\"background-color: var(--et_container-bg-color, transparent);\">\u00e3o comercializa para revendas que n\u00e3o estejam inseridas oficialmente em uma Agremia\u00e7\u00e3o Escoteira\/Movimento Escoteiro;<\/span><\/span><\/p>\n<p style=\"text-align: justify;\"><span style=\"color: #ffffff;\"><span style=\"color: #78a22e;\"><b>2 \u2013<\/b><\/span> A SF Impress\u00e3o &amp; Corte Digital n\u00e3o comercializa para terceiros (revendas ou colecionadores) distintivos, argan\u00e9is, ins\u00edgnias ou quaisquer outros artigos personalizados, confeccionados sob encomenda formal para um determinado evento escoteiro ou distintivos pessoais (selos de colecionador). A SF Impress\u00e3o &amp; Corte Digital incentiva a troca de artigos escoteiros entre escoteiros colecionadores e destes com colecionadores simpatizantes do movimento escoteiro.<\/span><\/p>\n<p style=\"text-align: justify;\"><span style=\"color: #ffffff;\"><span style=\"color: #78a22e;\"><b>3 \u2013&nbsp;<\/b><\/span>Distintivos e componentes oficiais do uniforme escoteiro, (ex: Ins\u00edgnia do Bureau Mundial, listel regional, etc.) do uniforme escoteiro dever\u00e3o ser adquiridos junto a lojas oficiais da respectiva organiza\u00e7\u00e3o escoteira.<\/span><\/p>\n<p style=\"text-align: justify;\"><span style=\"color: #ffffff;\"><span style=\"color: #78a22e;\"><b>4 \u2013<\/b><\/span> Distintivos de eventos oficiais dos n\u00edveis Nacional, Regional, Distrital ou Local dever\u00e3o ser adquiridos junto a suas equipes organizadoras.<\/span><\/p>\n<p style=\"text-align: justify;\"><span style=\"color: #ffffff;\"><span style=\"color: #78a22e;\"><b>5 \u2013<\/b><\/span>&nbsp;Os produtos comercializados em nossa loja Virtual (Loja de Colecion\u00e1veis), s\u00e3o confeccionados com o objetivo de venda a colecionadores membros e ou simpatizantes do movimento escoteiro. Acesse nossa loja virtual e conhe\u00e7a nossos produtos colecion\u00e1veis clicando aqui .<\/span><\/p>\n<p style=\"text-align: justify;\"><span style=\"background-color: var(--et_container-bg-color, transparent); color: #ffffff;\"><span style=\"color: #78a22e;\"><b>Observa\u00e7\u00e3o:&nbsp;<\/b><\/span>distintivos, argan\u00e9is, bras\u00f5es e similares, negociados atrav\u00e9s de nosso sistema de autoatendimento \u201cOr\u00e7amento On-Line\u201d de produtos personalizados e ou atrav\u00e9s de nossa loja virtual \u201cLoja de Colecion\u00e1veis\u201d possuem termos e condi\u00e7\u00f5es de comercializa\u00e7\u00e3o espec\u00edficos.<\/span><\/p>\n<p style=\"text-align: justify;\">\n<\/p>\t\t\t\t\t\t<\/div>\n\t\t\t\t<\/div>\n\t\t\t\t\t<\/div>\n\t\t<\/div>\n\t\t\t\t\t\t\t<\/div>\n\t\t<\/section>\n\t\t\t\t\t\t<\/div>\n\t\t\t\t\t<\/div>\n\t\t","protected":false},"excerpt":{"rendered":"<p>Condi\u00e7\u00f5es Gerais de Comercializa\u00e7\u00e3o:&nbsp;a SF Impress\u00e3o &amp; Corte Digital, segue algumas regras, no que se refere a comercializa\u00e7\u00e3o de seus produtos: 1 \u2013 A SF Impress\u00e3o &amp; Corte Digital n\u00e3o comercializa para revendas que n\u00e3o estejam inseridas oficialmente em uma Agremia\u00e7\u00e3o Escoteira\/Movimento Escoteiro; 2 \u2013 A SF Impress\u00e3o &amp; Corte Digital n\u00e3o comercializa para terceiros (revendas ou colecionadores) distintivos, argan\u00e9is, ins\u00edgnias ou quaisquer outros artigos personalizados, confeccionados sob encomenda formal para um determinado evento escoteiro ou distintivos pessoais (selos de colecionador). A SF Impress\u00e3o &amp; Corte Digital incentiva a troca de artigos escoteiros entre escoteiros colecionadores e destes com colecionadores<\/p>\n","protected":false},"author":41,"featured_media":0,"parent":0,"menu_order":0,"comment_status":"closed","ping_status":"closed","template":"","meta":{"footnotes":""},"class_list":["post-5238","page","type-page","status-publish","hentry"],"_links":{"self":[{"href":"https:\/\/sfdistintivos.com.br\/sf01\/wp-json\/wp\/v2\/pages\/5238","targetHints":{"allow":["GET"]}}],"collection":[{"href":"https:\/\/sfdistintivos.com.br\/sf01\/wp-json\/wp\/v2\/pages"}],"about":[{"href":"https:\/\/sfdistintivos.com.br\/sf01\/wp-json\/wp\/v2\/types\/page"}],"author":[{"embeddable":true,"href":"https:\/\/sfdistintivos.com.br\/sf01\/wp-json\/wp\/v2\/users\/41"}],"replies":[{"embeddable":true,"href":"https:\/\/sfdistintivos.com.br\/sf01\/wp-json\/wp\/v2\/comments?post=5238"}],"version-history":[{"count":0,"href":"https:\/\/sfdistintivos.com.br\/sf01\/wp-json\/wp\/v2\/pages\/5238\/revisions"}],"wp:attachment":[{"href":"https:\/\/sfdistintivos.com.br\/sf01\/wp-json\/wp\/v2\/media?parent=5238"}],"curies":[{"name":"wp","href":"https:\/\/api.w.org\/{rel}","templated":true}]}}